{"id":37140,"date":"2021-04-28T11:41:39","date_gmt":"2021-04-28T09:41:39","guid":{"rendered":"https:\/\/www.alexiaeducaria.com\/contacto\/"},"modified":"2026-04-24T13:18:35","modified_gmt":"2026-04-24T11:18:35","slug":"contacto","status":"publish","type":"page","link":"https:\/\/www.alexiaeducaria.com\/eu\/contacto\/","title":{"rendered":"Contacto"},"content":{"rendered":"<div class=\"fusion-fullwidth fullwidth-box fusion-builder-row-1 fusion-flex-container fusion-parallax-none nonhundred-percent-fullwidth non-hundred-percent-height-scrolling fondo_fijo\" style=\"--awb-background-position:right center;--awb-border-sizes-top:0px;--awb-border-sizes-bottom:0px;--awb-border-radius-top-left:0px;--awb-border-radius-top-right:0px;--awb-border-radius-bottom-right:0px;--awb-border-radius-bottom-left:0px;--awb-padding-top:80px;--awb-padding-right:5%;--awb-padding-bottom:100px;--awb-padding-left:5%;--awb-background-image:url(&quot;https:\/\/www.alexiaeducaria.com\/wp-content\/uploads\/background_alexia_groc_blanc.png&quot;);--awb-background-size:cover;--awb-flex-wrap:wrap;\" ><div class=\"fusion-builder-row fusion-row fusion-flex-align-items-flex-start fusion-flex-justify-content-center fusion-flex-content-wrap\" style=\"max-width:calc( 1600px + 0px );margin-left: calc(-0px \/ 2 );margin-right: calc(-0px \/ 2 );\"><div class=\"fusion-layout-column fusion_builder_column fusion-builder-column-0 fusion_builder_column_1_2 1_2 fusion-flex-column\" style=\"--awb-bg-size:cover;--awb-width-large:50%;--awb-margin-top-large:0px;--awb-spacing-right-large:0px;--awb-margin-bottom-large:0px;--awb-spacing-left-large:0px;--awb-width-medium:100%;--awb-order-medium:0;--awb-spacing-right-medium:0px;--awb-spacing-left-medium:0px;--awb-width-small:100%;--awb-order-small:0;--awb-spacing-right-small:0px;--awb-spacing-left-small:0px;\"><div class=\"fusion-column-wrapper fusion-column-has-shadow fusion-flex-justify-content-space-evenly fusion-content-layout-column\"><div class=\"fusion-text fusion-text-1\"><h2 style=\"text-align: left;\">Kontaktua<\/h2>\n<\/div><div class=\"fusion-widget fusion-widget-element fusion-widget-area fusion-content-widget-area wpWidget-1 wpforms_widget\" style=\"--awb-fusion-border-size:0px;--awb-fusion-border-style:solid;\"><div class=\"widget wpforms-widget\"><div class=\"wpforms-container wpforms-container-full\" id=\"wpforms-26856\"><form id=\"wpforms-form-26856\" class=\"wpforms-validate wpforms-form\" data-formid=\"26856\" method=\"post\" enctype=\"multipart\/form-data\" action=\"\/eu\/wp-json\/wp\/v2\/pages\/37140\" data-token=\"65c452f9e7f0083cbeefc3de78c81349\" data-token-time=\"1777715519\"><noscript class=\"wpforms-error-noscript\">Please enable JavaScript in your browser to complete this form.<\/noscript><div class=\"wpforms-field-container\"><div id=\"wpforms-26856-field_0-container\" class=\"wpforms-field wpforms-field-name\" data-field-id=\"0\"><label class=\"wpforms-field-label\" for=\"wpforms-26856-field_0\">Nombre <span class=\"wpforms-required-label\">*<\/span><\/label><input type=\"text\" id=\"wpforms-26856-field_0\" class=\"wpforms-field-medium wpforms-field-required\" name=\"wpforms[fields][0]\" required><\/div><div id=\"wpforms-26856-field_3-container\" class=\"wpforms-field wpforms-field-text\" data-field-id=\"3\"><label class=\"wpforms-field-label\" for=\"wpforms-26856-field_3\">Centro educativo <span class=\"wpforms-required-label\">*<\/span><\/label><input type=\"text\" id=\"wpforms-26856-field_3\" class=\"wpforms-field-medium wpforms-field-required\" name=\"wpforms[fields][3]\" required><\/div><div id=\"wpforms-26856-field_6-container\" class=\"wpforms-field wpforms-field-text\" data-field-id=\"6\"><label class=\"wpforms-field-label\" for=\"wpforms-26856-field_6\">Pa\u00eds <span class=\"wpforms-required-label\">*<\/span><\/label><input type=\"text\" id=\"wpforms-26856-field_6\" class=\"wpforms-field-small wpforms-field-required\" name=\"wpforms[fields][6]\" required><\/div><div id=\"wpforms-26856-field_4-container\" class=\"wpforms-field wpforms-field-text\" data-field-id=\"4\"><label class=\"wpforms-field-label\" for=\"wpforms-26856-field_4\">Provincia <span class=\"wpforms-required-label\">*<\/span><\/label><input type=\"text\" id=\"wpforms-26856-field_4\" class=\"wpforms-field-medium wpforms-field-required\" name=\"wpforms[fields][4]\" required><\/div><div id=\"wpforms-26856-field_5-container\" class=\"wpforms-field wpforms-field-text\" data-field-id=\"5\"><label class=\"wpforms-field-label\" for=\"wpforms-26856-field_5\">Cargo <span class=\"wpforms-required-label\">*<\/span><\/label><input type=\"text\" id=\"wpforms-26856-field_5\" class=\"wpforms-field-medium wpforms-field-required\" name=\"wpforms[fields][5]\" required><\/div><div id=\"wpforms-26856-field_1-container\" class=\"wpforms-field wpforms-field-email\" data-field-id=\"1\"><label class=\"wpforms-field-label\" for=\"wpforms-26856-field_1\">Correo electr\u00f3nico <span class=\"wpforms-required-label\">*<\/span><\/label><input type=\"email\" id=\"wpforms-26856-field_1\" class=\"wpforms-field-medium wpforms-field-required\" name=\"wpforms[fields][1]\" spellcheck=\"false\" required><\/div><div id=\"wpforms-26856-field_7-container\" class=\"wpforms-field wpforms-field-number\" data-field-id=\"7\"><label class=\"wpforms-field-label\" for=\"wpforms-26856-field_7\">T\u00e9lefono <span class=\"wpforms-required-label\">*<\/span><\/label><input type=\"number\" id=\"wpforms-26856-field_7\" class=\"wpforms-field-small wpforms-field-required\" name=\"wpforms[fields][7]\" step=\"any\" required><\/div><div id=\"wpforms-26856-field_2-container\" class=\"wpforms-field wpforms-field-textarea\" data-field-id=\"2\"><label class=\"wpforms-field-label\" for=\"wpforms-26856-field_2\">Comentario o mensaje <span class=\"wpforms-required-label\">*<\/span><\/label><textarea id=\"wpforms-26856-field_2\" class=\"wpforms-field-medium wpforms-field-required\" name=\"wpforms[fields][2]\" required><\/textarea><\/div><div id=\"wpforms-26856-field_9-container\" class=\"wpforms-field wpforms-field-checkbox\" data-field-id=\"9\"><label class=\"wpforms-field-label\">Protecci\u00f3n de datos <span class=\"wpforms-required-label\">*<\/span><\/label><ul id=\"wpforms-26856-field_9\" class=\"wpforms-field-required\"><li class=\"choice-1 depth-1\"><input type=\"checkbox\" id=\"wpforms-26856-field_9_1\" name=\"wpforms[fields][9][]\" value=\"He le\u00eddo y acepto las &lt;a href=&quot;..\/info-proteccion-datos\/&quot; target=&quot;_blank&quot;  style=&quot;text-decoration:underline&quot;&gt;Informaci\u00f3n b\u00e1sica sobre protecci\u00f3n de datos&lt;\/a&gt;, as\u00ed como la informaci\u00f3n adicional detallada en la &lt;a href=&quot;..\/proteccion-datos\/&quot; target=&quot;_blank&quot;  style=&quot;text-decoration:underline&quot;&gt;Pol\u00edtica de privacidad y protecci\u00f3n de datos&lt;\/a&gt;.**\" required ><label class=\"wpforms-field-label-inline\" for=\"wpforms-26856-field_9_1\">He le\u00eddo y acepto las <a href=\"..\/info-proteccion-datos\/\" target=\"_blank\" style=\"text-decoration:underline\">Informaci\u00f3n b\u00e1sica sobre protecci\u00f3n de datos<\/a>, as\u00ed como la informaci\u00f3n adicional detallada en la <a href=\"..\/proteccion-datos\/\" target=\"_blank\" style=\"text-decoration:underline\">Pol\u00edtica de privacidad y protecci\u00f3n de datos<\/a>.**<\/label><\/li><\/ul><\/div><div id=\"wpforms-26856-field_10-container\" class=\"wpforms-field wpforms-field-checkbox\" data-field-id=\"10\"><label class=\"wpforms-field-label\">Aviso comercial<\/label><ul id=\"wpforms-26856-field_10\"><li class=\"choice-1 depth-1\"><input type=\"checkbox\" id=\"wpforms-26856-field_10_1\" name=\"wpforms[fields][10][]\" value=\"Acepto recibir informaci\u00f3n comercial sobre las ofertas y promociones de EDUCARIA EURO S.L.U.\"  ><label class=\"wpforms-field-label-inline\" for=\"wpforms-26856-field_10_1\">Acepto recibir informaci\u00f3n comercial sobre las ofertas y promociones de EDUCARIA EURO S.L.U.<\/label><\/li><\/ul><\/div><\/div><!-- .wpforms-field-container --><div class=\"wpforms-recaptcha-container wpforms-is-recaptcha wpforms-is-recaptcha-type-v3\" ><input type=\"hidden\" name=\"wpforms[recaptcha]\" value=\"\"><\/div><div class=\"wpforms-submit-container\" ><input type=\"hidden\" name=\"wpforms[id]\" value=\"26856\"><input type=\"hidden\" name=\"page_title\" value=\"\"><input type=\"hidden\" name=\"page_url\" value=\"https:\/\/www.alexiaeducaria.com\/eu\/wp-json\/wp\/v2\/pages\/37140\"><input type=\"hidden\" name=\"url_referer\" value=\"\"><button type=\"submit\" name=\"wpforms[submit]\" id=\"wpforms-submit-26856\" class=\"wpforms-submit\" data-alt-text=\"Enviando...\" data-submit-text=\"Enviar\" aria-live=\"assertive\" value=\"wpforms-submit\">Enviar<\/button><\/div><\/form><\/div>  <!-- .wpforms-container --><\/div><\/div><div class=\"fusion-text fusion-text-2\"><h6>* Datos requeridos.<\/h6>\n<h6>** En caso de que no se marque la casilla no se podr\u00e1 proceder por parte de EDUCARIA EURO S.L.U. a la gesti\u00f3n de su solicitud.<\/h6>\n<\/div><\/div><\/div><\/div><\/div>\n","protected":false},"excerpt":{"rendered":"","protected":false},"author":1,"featured_media":0,"parent":0,"menu_order":0,"comment_status":"closed","ping_status":"closed","template":"100-width.php","meta":{"footnotes":""},"class_list":["post-37140","page","type-page","status-publish","hentry"],"yoast_head":"<!-- This site is optimized with the Yoast SEO plugin v27.4 - https:\/\/yoast.com\/product\/yoast-seo-wordpress\/ -->\r\n<title>Contacto | Alexia Suite Educativa<\/title>\r\n<meta name=\"robots\" content=\"index, follow, max-snippet:-1, max-image-preview:large, max-video-preview:-1\" \/>\r\n<link rel=\"canonical\" href=\"https:\/\/www.alexiaeducaria.com\/eu\/contacto\/\" \/>\r\n<meta property=\"og:locale\" content=\"eu_ES\" \/>\r\n<meta property=\"og:type\" content=\"article\" \/>\r\n<meta property=\"og:title\" content=\"Contacto | Alexia Suite Educativa\" \/>\r\n<meta property=\"og:url\" content=\"https:\/\/www.alexiaeducaria.com\/eu\/contacto\/\" \/>\r\n<meta property=\"og:site_name\" content=\"Alexia Suite Educativa\" \/>\r\n<meta property=\"article:modified_time\" content=\"2026-04-24T11:18:35+00:00\" \/>\r\n<meta name=\"twitter:card\" content=\"summary_large_image\" \/>\r\n<meta name=\"twitter:site\" content=\"@AlexiaEducacion\" \/>\r\n<meta name=\"twitter:label1\" content=\"Est. reading time\" \/>\n\t<meta name=\"twitter:data1\" content=\"1 minute\" \/>\r\n<script type=\"application\/ld+json\" class=\"yoast-schema-graph\">{\"@context\":\"https:\\\/\\\/schema.org\",\"@graph\":[{\"@type\":\"WebPage\",\"@id\":\"https:\\\/\\\/www.alexiaeducaria.com\\\/eu\\\/contacto\\\/\",\"url\":\"https:\\\/\\\/www.alexiaeducaria.com\\\/eu\\\/contacto\\\/\",\"name\":\"Contacto | Alexia Suite Educativa\",\"isPartOf\":{\"@id\":\"https:\\\/\\\/www.alexiaeducaria.com\\\/eu\\\/#website\"},\"datePublished\":\"2021-04-28T09:41:39+00:00\",\"dateModified\":\"2026-04-24T11:18:35+00:00\",\"breadcrumb\":{\"@id\":\"https:\\\/\\\/www.alexiaeducaria.com\\\/eu\\\/contacto\\\/#breadcrumb\"},\"inLanguage\":\"eu-ES\",\"potentialAction\":[{\"@type\":\"ReadAction\",\"target\":[\"https:\\\/\\\/www.alexiaeducaria.com\\\/eu\\\/contacto\\\/\"]}]},{\"@type\":\"BreadcrumbList\",\"@id\":\"https:\\\/\\\/www.alexiaeducaria.com\\\/eu\\\/contacto\\\/#breadcrumb\",\"itemListElement\":[{\"@type\":\"ListItem\",\"position\":1,\"name\":\"Portada\",\"item\":\"https:\\\/\\\/www.alexiaeducaria.com\\\/eu\\\/\"},{\"@type\":\"ListItem\",\"position\":2,\"name\":\"Contacto\"}]},{\"@type\":\"WebSite\",\"@id\":\"https:\\\/\\\/www.alexiaeducaria.com\\\/eu\\\/#website\",\"url\":\"https:\\\/\\\/www.alexiaeducaria.com\\\/eu\\\/\",\"name\":\"Alexia Suite Educativa\",\"description\":\"La plataforma que se adapta a tu proyecto educativo\",\"publisher\":{\"@id\":\"https:\\\/\\\/www.alexiaeducaria.com\\\/eu\\\/#organization\"},\"potentialAction\":[{\"@type\":\"SearchAction\",\"target\":{\"@type\":\"EntryPoint\",\"urlTemplate\":\"https:\\\/\\\/www.alexiaeducaria.com\\\/eu\\\/?s={search_term_string}\"},\"query-input\":{\"@type\":\"PropertyValueSpecification\",\"valueRequired\":true,\"valueName\":\"search_term_string\"}}],\"inLanguage\":\"eu-ES\"},{\"@type\":\"Organization\",\"@id\":\"https:\\\/\\\/www.alexiaeducaria.com\\\/eu\\\/#organization\",\"name\":\"Educaria\",\"url\":\"https:\\\/\\\/www.alexiaeducaria.com\\\/eu\\\/\",\"logo\":{\"@type\":\"ImageObject\",\"inLanguage\":\"eu-ES\",\"@id\":\"https:\\\/\\\/www.alexiaeducaria.com\\\/eu\\\/#\\\/schema\\\/logo\\\/image\\\/\",\"url\":\"https:\\\/\\\/www.alexiaeducaria.com\\\/wp-content\\\/uploads\\\/web_logo_alexia_movil_retina.png\",\"contentUrl\":\"https:\\\/\\\/www.alexiaeducaria.com\\\/wp-content\\\/uploads\\\/web_logo_alexia_movil_retina.png\",\"width\":320,\"height\":120,\"caption\":\"Educaria\"},\"image\":{\"@id\":\"https:\\\/\\\/www.alexiaeducaria.com\\\/eu\\\/#\\\/schema\\\/logo\\\/image\\\/\"},\"sameAs\":[\"https:\\\/\\\/x.com\\\/AlexiaEducacion\",\"https:\\\/\\\/www.youtube.com\\\/channel\\\/UCF5Dg_4ZgEcbcZ3UQAXGl-w\",\"https:\\\/\\\/www.linkedin.com\\\/showcase\\\/alexia-suite-educativa-es\\\/\"]}]}<\/script>\r\n<!-- \/ Yoast SEO plugin. -->","yoast_head_json":{"title":"Contacto | Alexia Suite Educativa","robots":{"index":"index","follow":"follow","max-snippet":"max-snippet:-1","max-image-preview":"max-image-preview:large","max-video-preview":"max-video-preview:-1"},"canonical":"https:\/\/www.alexiaeducaria.com\/eu\/contacto\/","og_locale":"eu_ES","og_type":"article","og_title":"Contacto | Alexia Suite Educativa","og_url":"https:\/\/www.alexiaeducaria.com\/eu\/contacto\/","og_site_name":"Alexia Suite Educativa","article_modified_time":"2026-04-24T11:18:35+00:00","twitter_card":"summary_large_image","twitter_site":"@AlexiaEducacion","twitter_misc":{"Est. reading time":"1 minute"},"schema":{"@context":"https:\/\/schema.org","@graph":[{"@type":"WebPage","@id":"https:\/\/www.alexiaeducaria.com\/eu\/contacto\/","url":"https:\/\/www.alexiaeducaria.com\/eu\/contacto\/","name":"Contacto | Alexia Suite Educativa","isPartOf":{"@id":"https:\/\/www.alexiaeducaria.com\/eu\/#website"},"datePublished":"2021-04-28T09:41:39+00:00","dateModified":"2026-04-24T11:18:35+00:00","breadcrumb":{"@id":"https:\/\/www.alexiaeducaria.com\/eu\/contacto\/#breadcrumb"},"inLanguage":"eu-ES","potentialAction":[{"@type":"ReadAction","target":["https:\/\/www.alexiaeducaria.com\/eu\/contacto\/"]}]},{"@type":"BreadcrumbList","@id":"https:\/\/www.alexiaeducaria.com\/eu\/contacto\/#breadcrumb","itemListElement":[{"@type":"ListItem","position":1,"name":"Portada","item":"https:\/\/www.alexiaeducaria.com\/eu\/"},{"@type":"ListItem","position":2,"name":"Contacto"}]},{"@type":"WebSite","@id":"https:\/\/www.alexiaeducaria.com\/eu\/#website","url":"https:\/\/www.alexiaeducaria.com\/eu\/","name":"Alexia Suite Educativa","description":"La plataforma que se adapta a tu proyecto educativo","publisher":{"@id":"https:\/\/www.alexiaeducaria.com\/eu\/#organization"},"potentialAction":[{"@type":"SearchAction","target":{"@type":"EntryPoint","urlTemplate":"https:\/\/www.alexiaeducaria.com\/eu\/?s={search_term_string}"},"query-input":{"@type":"PropertyValueSpecification","valueRequired":true,"valueName":"search_term_string"}}],"inLanguage":"eu-ES"},{"@type":"Organization","@id":"https:\/\/www.alexiaeducaria.com\/eu\/#organization","name":"Educaria","url":"https:\/\/www.alexiaeducaria.com\/eu\/","logo":{"@type":"ImageObject","inLanguage":"eu-ES","@id":"https:\/\/www.alexiaeducaria.com\/eu\/#\/schema\/logo\/image\/","url":"https:\/\/www.alexiaeducaria.com\/wp-content\/uploads\/web_logo_alexia_movil_retina.png","contentUrl":"https:\/\/www.alexiaeducaria.com\/wp-content\/uploads\/web_logo_alexia_movil_retina.png","width":320,"height":120,"caption":"Educaria"},"image":{"@id":"https:\/\/www.alexiaeducaria.com\/eu\/#\/schema\/logo\/image\/"},"sameAs":["https:\/\/x.com\/AlexiaEducacion","https:\/\/www.youtube.com\/channel\/UCF5Dg_4ZgEcbcZ3UQAXGl-w","https:\/\/www.linkedin.com\/showcase\/alexia-suite-educativa-es\/"]}]}},"_links":{"self":[{"href":"https:\/\/www.alexiaeducaria.com\/eu\/wp-json\/wp\/v2\/pages\/37140","targetHints":{"allow":["GET"]}}],"collection":[{"href":"https:\/\/www.alexiaeducaria.com\/eu\/wp-json\/wp\/v2\/pages"}],"about":[{"href":"https:\/\/www.alexiaeducaria.com\/eu\/wp-json\/wp\/v2\/types\/page"}],"author":[{"embeddable":true,"href":"https:\/\/www.alexiaeducaria.com\/eu\/wp-json\/wp\/v2\/users\/1"}],"replies":[{"embeddable":true,"href":"https:\/\/www.alexiaeducaria.com\/eu\/wp-json\/wp\/v2\/comments?post=37140"}],"version-history":[{"count":1,"href":"https:\/\/www.alexiaeducaria.com\/eu\/wp-json\/wp\/v2\/pages\/37140\/revisions"}],"predecessor-version":[{"id":37148,"href":"https:\/\/www.alexiaeducaria.com\/eu\/wp-json\/wp\/v2\/pages\/37140\/revisions\/37148"}],"wp:attachment":[{"href":"https:\/\/www.alexiaeducaria.com\/eu\/wp-json\/wp\/v2\/media?parent=37140"}],"curies":[{"name":"wp","href":"https:\/\/api.w.org\/{rel}","templated":true}]}}