{"id":36825,"date":"2022-01-20T08:42:07","date_gmt":"2022-01-20T07:42:07","guid":{"rendered":"https:\/\/www.alexiaeducaria.com\/nuestros-usuarios\/"},"modified":"2026-04-21T16:41:50","modified_gmt":"2026-04-21T14:41:50","slug":"erabiltzaileen-esperientzia","status":"publish","type":"page","link":"https:\/\/www.alexiaeducaria.com\/eu\/erabiltzaileen-esperientzia\/","title":{"rendered":"Erabiltzaileen esperientzia"},"content":{"rendered":"<p><div class=\"fusion-fullwidth fullwidth-box fusion-builder-row-1 fusion-parallax-none nonhundred-percent-fullwidth non-hundred-percent-height-scrolling fusion-equal-height-columns\" style=\"--awb-background-position:left bottom;--awb-background-repeat:repeat-x;--awb-border-radius-top-left:0px;--awb-border-radius-top-right:0px;--awb-border-radius-bottom-right:0px;--awb-border-radius-bottom-left:0px;--awb-padding-top:0px;--awb-padding-right:10%;--awb-padding-bottom:0px;--awb-padding-left:10%;--awb-background-image:url(&quot;https:\/\/www.alexiaeducaria.com\/wp-content\/uploads\/cab-bg-Alexia-Suite-2022-comunica.png&quot;);--awb-flex-wrap:wrap;\" ><div class=\"fusion-builder-row fusion-row\"><div class=\"fusion-layout-column fusion_builder_column fusion-builder-column-0 fusion_builder_column_1_2 1_2 fusion-one-half fusion-column-first\" style=\"--awb-padding-top:5%;--awb-padding-bottom:5%;--awb-bg-size:cover;width:50%;width:calc(50% - ( ( 0px ) * 0.5 ) );margin-right: 0px;\"><div class=\"fusion-column-wrapper fusion-column-has-shadow fusion-flex-column-wrapper-legacy\"><div class=\"fusion-column-content-centered\"><div class=\"fusion-column-content\"><div class=\"fusion-text fusion-text-1\"><h1 style=\"text-align: center;\">Ezagutu gure erabiltzaileen esperientzia<\/h1>\n<\/div><\/div><\/div><div class=\"fusion-clearfix\"><\/div><\/div><\/div><div class=\"fusion-layout-column fusion_builder_column fusion-builder-column-1 fusion_builder_column_1_2 1_2 fusion-one-half fusion-column-last fusion-animated\" style=\"--awb-bg-position:right top;--awb-bg-repeat:repeat-x;width:50%;width:calc(50% - ( ( 0px ) * 0.5 ) );\" data-animationType=\"rubberBand\" data-animationDuration=\"0.3\" data-animationOffset=\"top-into-view\"><div class=\"fusion-column-wrapper fusion-column-has-shadow fusion-flex-column-wrapper-legacy\"><div class=\"fusion-image-element fusion-image-align-center in-legacy-container\" style=\"text-align:center;--awb-max-width:600px;--awb-caption-title-font-family:var(--h2_typography-font-family);--awb-caption-title-font-weight:var(--h2_typography-font-weight);--awb-caption-title-font-style:var(--h2_typography-font-style);--awb-caption-title-size:var(--h2_typography-font-size);--awb-caption-title-transform:var(--h2_typography-text-transform);--awb-caption-title-line-height:var(--h2_typography-line-height);--awb-caption-title-letter-spacing:var(--h2_typography-letter-spacing);\"><div class=\"imageframe-align-center\"><span class=\" fusion-imageframe imageframe-none imageframe-1 hover-type-none\"><img decoding=\"async\" width=\"600\" height=\"400\" title=\"cab-bg-Alexia-Suite-2022-experiencia\" src=\"https:\/\/www.alexiaeducaria.com\/wp-content\/uploads\/cab-bg-Alexia-Suite-2022-experiencia.png\" alt class=\"img-responsive wp-image-36826\" srcset=\"https:\/\/www.alexiaeducaria.com\/wp-content\/uploads\/cab-bg-Alexia-Suite-2022-experiencia-200x133.png 200w, https:\/\/www.alexiaeducaria.com\/wp-content\/uploads\/cab-bg-Alexia-Suite-2022-experiencia-400x267.png 400w, https:\/\/www.alexiaeducaria.com\/wp-content\/uploads\/cab-bg-Alexia-Suite-2022-experiencia.png 600w\" sizes=\"(max-width: 800px) 100vw, 600px\" \/><\/span><\/div><\/div><div class=\"fusion-clearfix\"><\/div><\/div><\/div><\/div><\/div><div class=\"fusion-fullwidth fullwidth-box fusion-builder-row-2 has-pattern-background has-mask-background hundred-percent-fullwidth non-hundred-percent-height-scrolling\" style=\"--awb-border-radius-top-left:0px;--awb-border-radius-top-right:0px;--awb-border-radius-bottom-right:0px;--awb-border-radius-bottom-left:0px;--awb-padding-top:60px;--awb-padding-right:10%;--awb-padding-left:10%;--awb-flex-wrap:wrap;\" ><div class=\"fusion-builder-row fusion-row\"><div class=\"fusion-layout-column fusion_builder_column fusion-builder-column-2 fusion_builder_column_1_1 1_1 fusion-one-full fusion-column-first fusion-column-last fusion-column-no-min-height\" style=\"--awb-bg-size:cover;\"><div class=\"fusion-column-wrapper fusion-flex-column-wrapper-legacy\"><div class=\"fusion-clearfix\"><\/div><\/div><\/div><\/div><\/div><\/p>\n","protected":false},"excerpt":{"rendered":"","protected":false},"author":1,"featured_media":0,"parent":0,"menu_order":0,"comment_status":"closed","ping_status":"closed","template":"100-width.php","meta":{"footnotes":""},"class_list":["post-36825","page","type-page","status-publish","hentry"],"yoast_head":"<!-- This site is optimized with the Yoast SEO plugin v27.4 - https:\/\/yoast.com\/product\/yoast-seo-wordpress\/ -->\r\n<title>Alexia | Ideas de gesti\u00f3n de centros educativos<\/title>\r\n<meta name=\"description\" content=\"Conoce la experiencia de otros centros educativos. \u00bfC\u00f3mo les ha ayudado Alexia a mejorar la gesti\u00f3n y comunicaci\u00f3n de su colegio o instituci\u00f3n educativa?\" \/>\r\n<meta name=\"robots\" content=\"index, follow, max-snippet:-1, max-image-preview:large, max-video-preview:-1\" \/>\r\n<link rel=\"canonical\" href=\"https:\/\/www.alexiaeducaria.com\/eu\/erabiltzaileen-esperientzia\/\" \/>\r\n<meta property=\"og:locale\" content=\"eu_ES\" \/>\r\n<meta property=\"og:type\" content=\"article\" \/>\r\n<meta property=\"og:title\" content=\"Alexia | Ideas de gesti\u00f3n de centros educativos\" \/>\r\n<meta property=\"og:description\" content=\"Conoce la experiencia de otros centros educativos. \u00bfC\u00f3mo les ha ayudado Alexia a mejorar la gesti\u00f3n y comunicaci\u00f3n de su colegio o instituci\u00f3n educativa?\" \/>\r\n<meta property=\"og:url\" content=\"https:\/\/www.alexiaeducaria.com\/eu\/erabiltzaileen-esperientzia\/\" \/>\r\n<meta property=\"og:site_name\" content=\"Alexia Suite Educativa\" \/>\r\n<meta property=\"article:modified_time\" content=\"2026-04-21T14:41:50+00:00\" \/>\r\n<meta name=\"twitter:card\" content=\"summary_large_image\" \/>\r\n<meta name=\"twitter:site\" content=\"@AlexiaEducacion\" \/>\r\n<meta name=\"twitter:label1\" content=\"Est. reading time\" \/>\n\t<meta name=\"twitter:data1\" content=\"1 minute\" \/>\r\n<script type=\"application\/ld+json\" class=\"yoast-schema-graph\">{\"@context\":\"https:\\\/\\\/schema.org\",\"@graph\":[{\"@type\":\"WebPage\",\"@id\":\"https:\\\/\\\/www.alexiaeducaria.com\\\/eu\\\/erabiltzaileen-esperientzia\\\/\",\"url\":\"https:\\\/\\\/www.alexiaeducaria.com\\\/eu\\\/erabiltzaileen-esperientzia\\\/\",\"name\":\"Alexia | Ideas de gesti\u00f3n de centros educativos\",\"isPartOf\":{\"@id\":\"https:\\\/\\\/www.alexiaeducaria.com\\\/#website\"},\"datePublished\":\"2022-01-20T07:42:07+00:00\",\"dateModified\":\"2026-04-21T14:41:50+00:00\",\"description\":\"Conoce la experiencia de otros centros educativos. \u00bfC\u00f3mo les ha ayudado Alexia a mejorar la gesti\u00f3n y comunicaci\u00f3n de su colegio o instituci\u00f3n educativa?\",\"breadcrumb\":{\"@id\":\"https:\\\/\\\/www.alexiaeducaria.com\\\/eu\\\/erabiltzaileen-esperientzia\\\/#breadcrumb\"},\"inLanguage\":\"eu-ES\",\"potentialAction\":[{\"@type\":\"ReadAction\",\"target\":[\"https:\\\/\\\/www.alexiaeducaria.com\\\/eu\\\/erabiltzaileen-esperientzia\\\/\"]}]},{\"@type\":\"BreadcrumbList\",\"@id\":\"https:\\\/\\\/www.alexiaeducaria.com\\\/eu\\\/erabiltzaileen-esperientzia\\\/#breadcrumb\",\"itemListElement\":[{\"@type\":\"ListItem\",\"position\":1,\"name\":\"Portada\",\"item\":\"https:\\\/\\\/www.alexiaeducaria.com\\\/eu\\\/\"},{\"@type\":\"ListItem\",\"position\":2,\"name\":\"Erabiltzaileen esperientzia\"}]},{\"@type\":\"WebSite\",\"@id\":\"https:\\\/\\\/www.alexiaeducaria.com\\\/#website\",\"url\":\"https:\\\/\\\/www.alexiaeducaria.com\\\/\",\"name\":\"Alexia Suite Educativa\",\"description\":\"La plataforma que se adapta a tu proyecto educativo\",\"publisher\":{\"@id\":\"https:\\\/\\\/www.alexiaeducaria.com\\\/#organization\"},\"potentialAction\":[{\"@type\":\"SearchAction\",\"target\":{\"@type\":\"EntryPoint\",\"urlTemplate\":\"https:\\\/\\\/www.alexiaeducaria.com\\\/?s={search_term_string}\"},\"query-input\":{\"@type\":\"PropertyValueSpecification\",\"valueRequired\":true,\"valueName\":\"search_term_string\"}}],\"inLanguage\":\"eu-ES\"},{\"@type\":\"Organization\",\"@id\":\"https:\\\/\\\/www.alexiaeducaria.com\\\/#organization\",\"name\":\"Educaria\",\"url\":\"https:\\\/\\\/www.alexiaeducaria.com\\\/\",\"logo\":{\"@type\":\"ImageObject\",\"inLanguage\":\"eu-ES\",\"@id\":\"https:\\\/\\\/www.alexiaeducaria.com\\\/#\\\/schema\\\/logo\\\/image\\\/\",\"url\":\"https:\\\/\\\/www.alexiaeducaria.com\\\/wp-content\\\/uploads\\\/web_logo_alexia_movil_retina.png\",\"contentUrl\":\"https:\\\/\\\/www.alexiaeducaria.com\\\/wp-content\\\/uploads\\\/web_logo_alexia_movil_retina.png\",\"width\":320,\"height\":120,\"caption\":\"Educaria\"},\"image\":{\"@id\":\"https:\\\/\\\/www.alexiaeducaria.com\\\/#\\\/schema\\\/logo\\\/image\\\/\"},\"sameAs\":[\"https:\\\/\\\/x.com\\\/AlexiaEducacion\",\"https:\\\/\\\/www.youtube.com\\\/channel\\\/UCF5Dg_4ZgEcbcZ3UQAXGl-w\",\"https:\\\/\\\/www.linkedin.com\\\/showcase\\\/alexia-suite-educativa-es\\\/\"]}]}<\/script>\r\n<!-- \/ Yoast SEO plugin. -->","yoast_head_json":{"title":"Alexia | Ideas de gesti\u00f3n de centros educativos","description":"Conoce la experiencia de otros centros educativos. \u00bfC\u00f3mo les ha ayudado Alexia a mejorar la gesti\u00f3n y comunicaci\u00f3n de su colegio o instituci\u00f3n educativa?","robots":{"index":"index","follow":"follow","max-snippet":"max-snippet:-1","max-image-preview":"max-image-preview:large","max-video-preview":"max-video-preview:-1"},"canonical":"https:\/\/www.alexiaeducaria.com\/eu\/erabiltzaileen-esperientzia\/","og_locale":"eu_ES","og_type":"article","og_title":"Alexia | Ideas de gesti\u00f3n de centros educativos","og_description":"Conoce la experiencia de otros centros educativos. \u00bfC\u00f3mo les ha ayudado Alexia a mejorar la gesti\u00f3n y comunicaci\u00f3n de su colegio o instituci\u00f3n educativa?","og_url":"https:\/\/www.alexiaeducaria.com\/eu\/erabiltzaileen-esperientzia\/","og_site_name":"Alexia Suite Educativa","article_modified_time":"2026-04-21T14:41:50+00:00","twitter_card":"summary_large_image","twitter_site":"@AlexiaEducacion","twitter_misc":{"Est. reading time":"1 minute"},"schema":{"@context":"https:\/\/schema.org","@graph":[{"@type":"WebPage","@id":"https:\/\/www.alexiaeducaria.com\/eu\/erabiltzaileen-esperientzia\/","url":"https:\/\/www.alexiaeducaria.com\/eu\/erabiltzaileen-esperientzia\/","name":"Alexia | Ideas de gesti\u00f3n de centros educativos","isPartOf":{"@id":"https:\/\/www.alexiaeducaria.com\/#website"},"datePublished":"2022-01-20T07:42:07+00:00","dateModified":"2026-04-21T14:41:50+00:00","description":"Conoce la experiencia de otros centros educativos. \u00bfC\u00f3mo les ha ayudado Alexia a mejorar la gesti\u00f3n y comunicaci\u00f3n de su colegio o instituci\u00f3n educativa?","breadcrumb":{"@id":"https:\/\/www.alexiaeducaria.com\/eu\/erabiltzaileen-esperientzia\/#breadcrumb"},"inLanguage":"eu-ES","potentialAction":[{"@type":"ReadAction","target":["https:\/\/www.alexiaeducaria.com\/eu\/erabiltzaileen-esperientzia\/"]}]},{"@type":"BreadcrumbList","@id":"https:\/\/www.alexiaeducaria.com\/eu\/erabiltzaileen-esperientzia\/#breadcrumb","itemListElement":[{"@type":"ListItem","position":1,"name":"Portada","item":"https:\/\/www.alexiaeducaria.com\/eu\/"},{"@type":"ListItem","position":2,"name":"Erabiltzaileen esperientzia"}]},{"@type":"WebSite","@id":"https:\/\/www.alexiaeducaria.com\/#website","url":"https:\/\/www.alexiaeducaria.com\/","name":"Alexia Suite Educativa","description":"La plataforma que se adapta a tu proyecto educativo","publisher":{"@id":"https:\/\/www.alexiaeducaria.com\/#organization"},"potentialAction":[{"@type":"SearchAction","target":{"@type":"EntryPoint","urlTemplate":"https:\/\/www.alexiaeducaria.com\/?s={search_term_string}"},"query-input":{"@type":"PropertyValueSpecification","valueRequired":true,"valueName":"search_term_string"}}],"inLanguage":"eu-ES"},{"@type":"Organization","@id":"https:\/\/www.alexiaeducaria.com\/#organization","name":"Educaria","url":"https:\/\/www.alexiaeducaria.com\/","logo":{"@type":"ImageObject","inLanguage":"eu-ES","@id":"https:\/\/www.alexiaeducaria.com\/#\/schema\/logo\/image\/","url":"https:\/\/www.alexiaeducaria.com\/wp-content\/uploads\/web_logo_alexia_movil_retina.png","contentUrl":"https:\/\/www.alexiaeducaria.com\/wp-content\/uploads\/web_logo_alexia_movil_retina.png","width":320,"height":120,"caption":"Educaria"},"image":{"@id":"https:\/\/www.alexiaeducaria.com\/#\/schema\/logo\/image\/"},"sameAs":["https:\/\/x.com\/AlexiaEducacion","https:\/\/www.youtube.com\/channel\/UCF5Dg_4ZgEcbcZ3UQAXGl-w","https:\/\/www.linkedin.com\/showcase\/alexia-suite-educativa-es\/"]}]}},"_links":{"self":[{"href":"https:\/\/www.alexiaeducaria.com\/eu\/wp-json\/wp\/v2\/pages\/36825","targetHints":{"allow":["GET"]}}],"collection":[{"href":"https:\/\/www.alexiaeducaria.com\/eu\/wp-json\/wp\/v2\/pages"}],"about":[{"href":"https:\/\/www.alexiaeducaria.com\/eu\/wp-json\/wp\/v2\/types\/page"}],"author":[{"embeddable":true,"href":"https:\/\/www.alexiaeducaria.com\/eu\/wp-json\/wp\/v2\/users\/1"}],"replies":[{"embeddable":true,"href":"https:\/\/www.alexiaeducaria.com\/eu\/wp-json\/wp\/v2\/comments?post=36825"}],"version-history":[{"count":5,"href":"https:\/\/www.alexiaeducaria.com\/eu\/wp-json\/wp\/v2\/pages\/36825\/revisions"}],"predecessor-version":[{"id":36849,"href":"https:\/\/www.alexiaeducaria.com\/eu\/wp-json\/wp\/v2\/pages\/36825\/revisions\/36849"}],"wp:attachment":[{"href":"https:\/\/www.alexiaeducaria.com\/eu\/wp-json\/wp\/v2\/media?parent=36825"}],"curies":[{"name":"wp","href":"https:\/\/api.w.org\/{rel}","templated":true}]}}