{"id":32865,"date":"2024-08-30T09:58:08","date_gmt":"2024-08-30T07:58:08","guid":{"rendered":"https:\/\/www.alexiaeducaria.com\/?page_id=32865"},"modified":"2026-03-09T15:36:03","modified_gmt":"2026-03-09T14:36:03","slug":"esprem-alexia-2","status":"publish","type":"page","link":"https:\/\/www.alexiaeducaria.com\/ca\/esprem-alexia-2\/","title":{"rendered":"Esprem Alexia"},"content":{"rendered":"<p><div class=\"fusion-fullwidth fullwidth-box fusion-builder-row-1 has-pattern-background has-mask-background fusion-parallax-none nonhundred-percent-fullwidth non-hundred-percent-height-scrolling fusion-equal-height-columns\" style=\"--awb-background-position:left bottom;--awb-background-repeat:repeat-x;--awb-border-radius-top-left:0px;--awb-border-radius-top-right:0px;--awb-border-radius-bottom-right:0px;--awb-border-radius-bottom-left:0px;--awb-padding-top:0px;--awb-padding-right:10%;--awb-padding-bottom:0px;--awb-padding-left:10%;--awb-background-image:url(&quot;https:\/\/www.alexiaeducaria.com\/wp-content\/uploads\/cab-bg-Alexia-Suite-2022-schools.png&quot;);--awb-flex-wrap:wrap;\" ><div class=\"fusion-builder-row fusion-row\"><div class=\"fusion-layout-column fusion_builder_column fusion-builder-column-0 fusion_builder_column_1_4 1_4 fusion-one-fourth fusion-column-first\" style=\"--awb-padding-top:5%;--awb-padding-bottom:5%;--awb-bg-size:cover;width:25%;width:calc(25% - ( ( 0px + 0px ) * 0.25 ) );margin-right: 0px;\"><div class=\"fusion-column-wrapper fusion-column-has-shadow fusion-flex-column-wrapper-legacy\"><div class=\"fusion-column-content-centered\"><div class=\"fusion-column-content\"><\/div><\/div><div class=\"fusion-clearfix\"><\/div><\/div><\/div><div class=\"fusion-layout-column fusion_builder_column fusion-builder-column-1 fusion_builder_column_1_4 1_4 fusion-one-fourth\" style=\"--awb-padding-top:5%;--awb-padding-bottom:5%;--awb-bg-size:cover;width:25%;width:calc(25% - ( ( 0px + 0px ) * 0.25 ) );margin-right: 0px;\"><div class=\"fusion-column-wrapper fusion-column-has-shadow fusion-flex-column-wrapper-legacy\"><div class=\"fusion-column-content-centered\"><div class=\"fusion-column-content\"><div class=\"fusion-text fusion-text-1\"><h1 style=\"text-align: center;\">#esprem<strong>Alexia<\/strong><\/h1>\n<\/div><\/div><\/div><div class=\"fusion-clearfix\"><\/div><\/div><\/div><div class=\"fusion-layout-column fusion_builder_column fusion-builder-column-2 fusion_builder_column_1_2 1_2 fusion-one-half fusion-column-last fusion-animated\" style=\"--awb-bg-position:right top;--awb-bg-repeat:repeat-x;width:50%;width:calc(50% - ( ( 0px + 0px ) * 0.5 ) );\" data-animationType=\"rubberBand\" data-animationDuration=\"0.3\" data-animationOffset=\"top-into-view\"><div class=\"fusion-column-wrapper fusion-column-has-shadow fusion-flex-column-wrapper-legacy\"><div class=\"fusion-image-element fusion-image-align-center in-legacy-container\" style=\"text-align:center;--awb-max-width:600px;--awb-caption-title-font-family:var(--h2_typography-font-family);--awb-caption-title-font-weight:var(--h2_typography-font-weight);--awb-caption-title-font-style:var(--h2_typography-font-style);--awb-caption-title-size:var(--h2_typography-font-size);--awb-caption-title-transform:var(--h2_typography-text-transform);--awb-caption-title-line-height:var(--h2_typography-line-height);--awb-caption-title-letter-spacing:var(--h2_typography-letter-spacing);\"><div class=\"imageframe-align-center\"><span class=\" fusion-imageframe imageframe-none imageframe-1 hover-type-none\"><img decoding=\"async\" width=\"600\" height=\"400\" title=\"cab-bg-Alexia-Suite-2024-exprime\" src=\"https:\/\/www.alexiaeducaria.com\/wp-content\/uploads\/cab-bg-Alexia-Suite-2024-exprime.png\" alt class=\"img-responsive wp-image-32874\" srcset=\"https:\/\/www.alexiaeducaria.com\/wp-content\/uploads\/cab-bg-Alexia-Suite-2024-exprime-200x133.png 200w, https:\/\/www.alexiaeducaria.com\/wp-content\/uploads\/cab-bg-Alexia-Suite-2024-exprime-400x267.png 400w, https:\/\/www.alexiaeducaria.com\/wp-content\/uploads\/cab-bg-Alexia-Suite-2024-exprime.png 600w\" sizes=\"(max-width: 800px) 100vw, 600px\" \/><\/span><\/div><\/div><div class=\"fusion-clearfix\"><\/div><\/div><\/div><\/div><\/div><div class=\"fusion-fullwidth fullwidth-box fusion-builder-row-2 has-pattern-background has-mask-background hundred-percent-fullwidth non-hundred-percent-height-scrolling\" style=\"--awb-border-radius-top-left:0px;--awb-border-radius-top-right:0px;--awb-border-radius-bottom-right:0px;--awb-border-radius-bottom-left:0px;--awb-padding-top:60px;--awb-padding-right:10%;--awb-padding-left:10%;--awb-flex-wrap:wrap;\" ><div class=\"fusion-builder-row fusion-row\"><div class=\"fusion-layout-column fusion_builder_column fusion-builder-column-3 fusion_builder_column_1_1 1_1 fusion-one-full fusion-column-first fusion-column-last fusion-column-no-min-height\" style=\"--awb-bg-size:cover;\" id=\"exprime\" data-scroll-devices=\"small-visibility,medium-visibility,large-visibility\"><div class=\"fusion-column-wrapper fusion-column-has-shadow fusion-flex-column-wrapper-legacy\"><style type=\"text\/css\">.fusion-portfolio-wrapper#fusion-portfolio-1 .fusion-portfolio-content{  text-align: left; }<\/style><div class=\"fusion-recent-works fusion-portfolio-element fusion-portfolio fusion-portfolio-1 fusion-portfolio-grid fusion-portfolio-paging-pagination fusion-portfolio-three fusion-portfolio-unboxed fusion-portfolio-text fusion-portfolio-equal-heights\" data-id=\"-rw-1\" data-columns=\"three\"><style type=\"text\/css\">.fusion-portfolio-1 .fusion-portfolio-wrapper .fusion-col-spacing{padding:15px;}<\/style><div class=\"fusion-portfolio-wrapper\" id=\"fusion-portfolio-1\" data-picturesize=\"auto\" data-pages=\"1\" style=\"margin:-15px;\"><article id=\"portfolio-1-post-33498\" class=\"fusion-portfolio-post exprimealexia-ca fusion-col-spacing post-33498\"><div class=\"fusion-portfolio-content-wrapper\" style=\"border:none;\"><span class=\"vcard rich-snippet-hidden\"><span class=\"fn\"><a href=\"https:\/\/www.alexiaeducaria.com\/ca\/author\/user_alexia\/\" title=\"Posts by estanis\" rel=\"author\">estanis<\/a><\/span><\/span><span class=\"updated rich-snippet-hidden\">2026-03-02T17:09:47+01:00<\/span><div  class=\"fusion-image-wrapper\" aria-haspopup=\"true\">\n\t\t\t\t\t\t\t<a href=\"https:\/\/www.alexiaeducaria.com\/ca\/portfolio-items\/planificador-de-facturacio\/?portfolioCats=243\" aria-label=\"Planificador de facturaci\u00f3\">\n\t\t\t\t\t\t\t<img decoding=\"async\" width=\"460\" height=\"330\" src=\"https:\/\/www.alexiaeducaria.com\/wp-content\/uploads\/web_alexia_Exprime_facturacion-1_cat.png\" class=\"attachment-full size-full wp-post-image\" alt=\"\" srcset=\"https:\/\/www.alexiaeducaria.com\/wp-content\/uploads\/web_alexia_Exprime_facturacion-1_cat-200x143.png 200w, https:\/\/www.alexiaeducaria.com\/wp-content\/uploads\/web_alexia_Exprime_facturacion-1_cat-400x287.png 400w, https:\/\/www.alexiaeducaria.com\/wp-content\/uploads\/web_alexia_Exprime_facturacion-1_cat.png 460w\" sizes=\"(min-width: 2200px) 100vw, (min-width: 824px) 513px, (min-width: 732px) 824px, (min-width: 640px) 732px, \" \/>\t\t\t<\/a>\n\t\t\t\t\t\t\t<\/div>\n<div class=\"fusion-portfolio-content\"><div class=\"fusion-post-content\"><p><\/p><h5>#Gesti\u00f3Escolar #Planificaci\u00f3Financera #EstalviDeTemps<\/h5>\r\nOptimitza la planificaci\u00f3 econ\u00f2mica del teu centre o agrupaci\u00f3 i estalvia temps amb aquests 5 consells clau i amb el nostre Planificador d\u2019Alexia Suite Educativa!\r\n<br><br>\r\n<a href=\"https:\/\/www.alexiaeducaria.com\/ca\/portfolio-items\/planificador-de-facturacio\/\">Continuar llegint...<\/a><\/div><\/div><\/div><\/article><article id=\"portfolio-1-post-33414\" class=\"fusion-portfolio-post exprimealexia-ca fusion-col-spacing post-33414\"><div class=\"fusion-portfolio-content-wrapper\" style=\"border:none;\"><span class=\"vcard rich-snippet-hidden\"><span class=\"fn\"><a href=\"https:\/\/www.alexiaeducaria.com\/ca\/author\/user_alexia\/\" title=\"Posts by estanis\" rel=\"author\">estanis<\/a><\/span><\/span><span class=\"updated rich-snippet-hidden\">2026-03-03T08:41:18+01:00<\/span><div  class=\"fusion-image-wrapper\" aria-haspopup=\"true\">\n\t\t\t\t\t\t\t<a href=\"https:\/\/www.alexiaeducaria.com\/ca\/portfolio-items\/entrevistes-tutories\/?portfolioCats=243\" aria-label=\"Entrevistes i tutories\">\n\t\t\t\t\t\t\t<img decoding=\"async\" width=\"460\" height=\"330\" src=\"https:\/\/www.alexiaeducaria.com\/wp-content\/uploads\/web_alexia_Exprime_entrevistas_cat-1.png\" class=\"attachment-full size-full wp-post-image\" alt=\"\" srcset=\"https:\/\/www.alexiaeducaria.com\/wp-content\/uploads\/web_alexia_Exprime_entrevistas_cat-1-200x143.png 200w, https:\/\/www.alexiaeducaria.com\/wp-content\/uploads\/web_alexia_Exprime_entrevistas_cat-1-400x287.png 400w, https:\/\/www.alexiaeducaria.com\/wp-content\/uploads\/web_alexia_Exprime_entrevistas_cat-1.png 460w\" sizes=\"(min-width: 2200px) 100vw, (min-width: 824px) 513px, (min-width: 732px) 824px, (min-width: 640px) 732px, \" \/>\t\t\t<\/a>\n\t\t\t\t\t\t\t<\/div>\n<div class=\"fusion-portfolio-content\"><div class=\"fusion-post-content\"><p><\/p><h5>#Gesti\u00f3Entrevistes #Gesti\u00f3Tutories<\/h5>\r\nGestiona entrevistes i tutories que impulsin el progr\u00e9s de l'alumnat. Analitza correctament la informaci\u00f3 disponible a Alexia per comprendre millor la realitat de cada estudiant i aconseguir reunions m\u00e9s productives.\r\n<br><br>\r\n<a href=\"https:\/\/www.alexiaeducaria.com\/ca\/portfolio-items\/entrevistes-tutories\/\">Continuar llegint...<\/a><\/div><\/div><\/div><\/article><article id=\"portfolio-1-post-33379\" class=\"fusion-portfolio-post exprimealexia-ca fusion-col-spacing post-33379\"><div class=\"fusion-portfolio-content-wrapper\" style=\"border:none;\"><span class=\"vcard rich-snippet-hidden\"><span class=\"fn\"><a href=\"https:\/\/www.alexiaeducaria.com\/ca\/author\/user_alexia\/\" title=\"Posts by estanis\" rel=\"author\">estanis<\/a><\/span><\/span><span class=\"updated rich-snippet-hidden\">2026-03-03T09:04:32+01:00<\/span><div  class=\"fusion-image-wrapper\" aria-haspopup=\"true\">\n\t\t\t\t\t\t\t<a href=\"https:\/\/www.alexiaeducaria.com\/ca\/portfolio-items\/dashboard\/?portfolioCats=243\" aria-label=\"Dashboard\">\n\t\t\t\t\t\t\t<img decoding=\"async\" width=\"460\" height=\"330\" src=\"https:\/\/www.alexiaeducaria.com\/wp-content\/uploads\/web_alexia_Exprime_dashboard_cat-1.png\" class=\"attachment-full size-full wp-post-image\" alt=\"\" srcset=\"https:\/\/www.alexiaeducaria.com\/wp-content\/uploads\/web_alexia_Exprime_dashboard_cat-1-200x143.png 200w, https:\/\/www.alexiaeducaria.com\/wp-content\/uploads\/web_alexia_Exprime_dashboard_cat-1-400x287.png 400w, https:\/\/www.alexiaeducaria.com\/wp-content\/uploads\/web_alexia_Exprime_dashboard_cat-1.png 460w\" sizes=\"(min-width: 2200px) 100vw, (min-width: 824px) 513px, (min-width: 732px) 824px, (min-width: 640px) 732px, \" \/>\t\t\t<\/a>\n\t\t\t\t\t\t\t<\/div>\n<div class=\"fusion-portfolio-content\"><div class=\"fusion-post-content\"><p><\/p><h5>#Classroom #DashBoard<\/h5>\r\nEl Dashboard \u00e9s la teva br\u00faixola a Alexia Classroom. Per a docents, revela la c\u00e0rrega de treball i estad\u00edstiques crucials. Per a estudiants, \u00e9s una finestra al progr\u00e9s i una eina d'autoregulaci\u00f3.\r\n<br><br>\r\n<a href=\"https:\/\/www.alexiaeducaria.com\/ca\/portfolio-items\/dashboard\/\">Continuar llegint...<\/a><\/div><\/div><\/div><\/article><article id=\"portfolio-1-post-32890\" class=\"fusion-portfolio-post exprimealexia-ca fusion-col-spacing post-32890\"><div class=\"fusion-portfolio-content-wrapper\" style=\"border:none;\"><span class=\"vcard rich-snippet-hidden\"><span class=\"fn\"><a href=\"https:\/\/www.alexiaeducaria.com\/ca\/author\/user_alexia\/\" title=\"Posts by estanis\" rel=\"author\">estanis<\/a><\/span><\/span><span class=\"updated rich-snippet-hidden\">2026-03-03T08:58:37+01:00<\/span><div  class=\"fusion-image-wrapper\" aria-haspopup=\"true\">\n\t\t\t\t\t\t\t<a href=\"https:\/\/www.alexiaeducaria.com\/ca\/portfolio-items\/esprem-avaluacio-final\/?portfolioCats=243\" aria-label=\"Avaluaci\u00f3 Final\">\n\t\t\t\t\t\t\t<img decoding=\"async\" width=\"460\" height=\"330\" src=\"https:\/\/www.alexiaeducaria.com\/wp-content\/uploads\/web_alexia_Exprime_Evaluacion_Final_cat-1.png\" class=\"attachment-full size-full wp-post-image\" alt=\"\" srcset=\"https:\/\/www.alexiaeducaria.com\/wp-content\/uploads\/web_alexia_Exprime_Evaluacion_Final_cat-1-200x143.png 200w, https:\/\/www.alexiaeducaria.com\/wp-content\/uploads\/web_alexia_Exprime_Evaluacion_Final_cat-1-400x287.png 400w, https:\/\/www.alexiaeducaria.com\/wp-content\/uploads\/web_alexia_Exprime_Evaluacion_Final_cat-1.png 460w\" sizes=\"(min-width: 2200px) 100vw, (min-width: 824px) 513px, (min-width: 732px) 824px, (min-width: 640px) 732px, \" \/>\t\t\t<\/a>\n\t\t\t\t\t\t\t<\/div>\n<div class=\"fusion-portfolio-content\"><div class=\"fusion-post-content\"><p><\/p><h5>#Avaluaci\u00f3Final<\/h5>\r\nL'avaluaci\u00f3 final \u00e9s un per\u00edode crucial l'any escolar, on es reflecteixen els esfor\u00e7os i assoliments d'alumnat i docents. En aquest moment es recopilen, analitzen i reporten una gran quantitat de dades, i l'efici\u00e8ncia en aquesta tasca pot marcar una gran difer\u00e8ncia.\r\n<br><br>\r\n<a href=\"https:\/\/www.alexiaeducaria.com\/ca\/portfolio-items\/esprem-avaluacio-final\/\">Continuar llegint...<\/a><\/div><\/div><\/div><\/article><article id=\"portfolio-1-post-32832\" class=\"fusion-portfolio-post exprimealexia-ca fusion-col-spacing post-32832\"><div class=\"fusion-portfolio-content-wrapper\" style=\"border:none;\"><span class=\"vcard rich-snippet-hidden\"><span class=\"fn\"><a href=\"https:\/\/www.alexiaeducaria.com\/ca\/author\/user_alexia\/\" title=\"Posts by estanis\" rel=\"author\">estanis<\/a><\/span><\/span><span class=\"updated rich-snippet-hidden\">2026-03-03T09:06:57+01:00<\/span><div  class=\"fusion-image-wrapper\" aria-haspopup=\"true\">\n\t\t\t\t\t\t\t<a href=\"https:\/\/www.alexiaeducaria.com\/ca\/portfolio-items\/esprem-app-familia\/?portfolioCats=243\" aria-label=\"App Alexia Familia\">\n\t\t\t\t\t\t\t<img decoding=\"async\" width=\"460\" height=\"330\" src=\"https:\/\/www.alexiaeducaria.com\/wp-content\/uploads\/web_alexia_Exprime_app_familias_cat.png\" class=\"attachment-full size-full wp-post-image\" alt=\"\" srcset=\"https:\/\/www.alexiaeducaria.com\/wp-content\/uploads\/web_alexia_Exprime_app_familias_cat-200x143.png 200w, https:\/\/www.alexiaeducaria.com\/wp-content\/uploads\/web_alexia_Exprime_app_familias_cat-400x287.png 400w, https:\/\/www.alexiaeducaria.com\/wp-content\/uploads\/web_alexia_Exprime_app_familias_cat.png 460w\" sizes=\"(min-width: 2200px) 100vw, (min-width: 824px) 513px, (min-width: 732px) 824px, (min-width: 640px) 732px, \" \/>\t\t\t<\/a>\n\t\t\t\t\t\t\t<\/div>\n<div class=\"fusion-portfolio-content\"><div class=\"fusion-post-content\"><p><\/p><h5>#AppAlexiaFam\u00edlia<\/h5>\r\nAprofitar al m\u00e0xim l'App Alexia Fam\u00edlia no nom\u00e9s millora la comunicaci\u00f3 amb les fam\u00edlies, sin\u00f3 que tamb\u00e9 optimitza la gesti\u00f3 escolar. Mant\u00e9n les fam\u00edlies informades i compromeses amb la vida escolar dels seus fills i filles utilitzant aquesta poderosa eina.\r\n<br><br>\r\n<a href=\"https:\/\/www.alexiaeducaria.com\/ca\/portfolio-items\/esprem-app-familia\/\">Continuar llegint...<\/a><\/div><\/div><\/div><\/article><article id=\"portfolio-1-post-32805\" class=\"fusion-portfolio-post exprimealexia-ca fusion-col-spacing post-32805\"><div class=\"fusion-portfolio-content-wrapper\" style=\"border:none;\"><span class=\"vcard rich-snippet-hidden\"><span class=\"fn\"><a href=\"https:\/\/www.alexiaeducaria.com\/ca\/author\/user_alexia\/\" title=\"Posts by estanis\" rel=\"author\">estanis<\/a><\/span><\/span><span class=\"updated rich-snippet-hidden\">2026-03-03T09:14:33+01:00<\/span><div  class=\"fusion-image-wrapper\" aria-haspopup=\"true\">\n\t\t\t\t\t\t\t<a href=\"https:\/\/www.alexiaeducaria.com\/ca\/portfolio-items\/esprem-preinscripcio\/?portfolioCats=243\" aria-label=\"Preinscripci\u00f3\">\n\t\t\t\t\t\t\t<img decoding=\"async\" width=\"460\" height=\"330\" src=\"https:\/\/www.alexiaeducaria.com\/wp-content\/uploads\/web_alexia_Exprime_preinscripciones_cat-2.png\" class=\"attachment-full size-full wp-post-image\" alt=\"\" srcset=\"https:\/\/www.alexiaeducaria.com\/wp-content\/uploads\/web_alexia_Exprime_preinscripciones_cat-2-200x143.png 200w, https:\/\/www.alexiaeducaria.com\/wp-content\/uploads\/web_alexia_Exprime_preinscripciones_cat-2-400x287.png 400w, https:\/\/www.alexiaeducaria.com\/wp-content\/uploads\/web_alexia_Exprime_preinscripciones_cat-2.png 460w\" sizes=\"(min-width: 2200px) 100vw, (min-width: 824px) 513px, (min-width: 732px) 824px, (min-width: 640px) 732px, \" \/>\t\t\t<\/a>\n\t\t\t\t\t\t\t<\/div>\n<div class=\"fusion-portfolio-content\"><div class=\"fusion-post-content\"><p><\/p><h5>#Preinscripcions<\/h5>\r\nLa campanya de preinscripcions \u00e9s essencial per a l'\u00e8xit del pr\u00f2xim curs. Descobreix cinc consells clau sobre Alexia per tal que el teu centre educatiu impulsi una campanya efectiva i atregui a noves fam\u00edlies amb \u00e8xit.\r\n\r\n<br><br>\r\n<a href=\"https:\/\/www.alexiaeducaria.com\/ca\/portfolio-items\/esprem-preinscripcio\/\">Continuar llegint...<\/a><\/div><\/div><\/div><\/article><\/div><\/div><div class=\"fusion-clearfix\"><\/div><\/div><\/div><\/div><\/div><\/p>\n","protected":false},"excerpt":{"rendered":"","protected":false},"author":1,"featured_media":0,"parent":0,"menu_order":0,"comment_status":"closed","ping_status":"closed","template":"100-width.php","meta":{"footnotes":""},"class_list":["post-32865","page","type-page","status-publish","hentry"],"yoast_head":"<!-- This site is optimized with the Yoast SEO plugin v27.4 - https:\/\/yoast.com\/product\/yoast-seo-wordpress\/ -->\r\n<title>Alexia | Ideas de gesti\u00f3n de centros educativos<\/title>\r\n<meta name=\"description\" content=\"Conoce la experiencia de otros centros educativos. \u00bfC\u00f3mo les ha ayudado Alexia a mejorar la gesti\u00f3n y comunicaci\u00f3n de su colegio o instituci\u00f3n educativa?\" \/>\r\n<meta name=\"robots\" content=\"index, follow, max-snippet:-1, max-image-preview:large, max-video-preview:-1\" \/>\r\n<link rel=\"canonical\" href=\"https:\/\/www.alexiaeducaria.com\/ca\/esprem-alexia-2\/\" \/>\r\n<meta property=\"og:locale\" content=\"ca_ES\" \/>\r\n<meta property=\"og:type\" content=\"article\" \/>\r\n<meta property=\"og:title\" content=\"Alexia | Ideas de gesti\u00f3n de centros educativos\" \/>\r\n<meta property=\"og:description\" content=\"Conoce la experiencia de otros centros educativos. \u00bfC\u00f3mo les ha ayudado Alexia a mejorar la gesti\u00f3n y comunicaci\u00f3n de su colegio o instituci\u00f3n educativa?\" \/>\r\n<meta property=\"og:url\" content=\"https:\/\/www.alexiaeducaria.com\/ca\/esprem-alexia-2\/\" \/>\r\n<meta property=\"og:site_name\" content=\"Alexia Suite Educativa\" \/>\r\n<meta property=\"article:modified_time\" content=\"2026-03-09T14:36:03+00:00\" \/>\r\n<meta name=\"twitter:card\" content=\"summary_large_image\" \/>\r\n<meta name=\"twitter:site\" content=\"@AlexiaEducacion\" \/>\r\n<meta name=\"twitter:label1\" content=\"Est. reading time\" \/>\n\t<meta name=\"twitter:data1\" content=\"4 minutes\" \/>\r\n<script type=\"application\/ld+json\" class=\"yoast-schema-graph\">{\"@context\":\"https:\\\/\\\/schema.org\",\"@graph\":[{\"@type\":\"WebPage\",\"@id\":\"https:\\\/\\\/www.alexiaeducaria.com\\\/ca\\\/esprem-alexia-2\\\/\",\"url\":\"https:\\\/\\\/www.alexiaeducaria.com\\\/ca\\\/esprem-alexia-2\\\/\",\"name\":\"Alexia | Ideas de gesti\u00f3n de centros educativos\",\"isPartOf\":{\"@id\":\"https:\\\/\\\/www.alexiaeducaria.com\\\/ca\\\/#website\"},\"datePublished\":\"2024-08-30T07:58:08+00:00\",\"dateModified\":\"2026-03-09T14:36:03+00:00\",\"description\":\"Conoce la experiencia de otros centros educativos. \u00bfC\u00f3mo les ha ayudado Alexia a mejorar la gesti\u00f3n y comunicaci\u00f3n de su colegio o instituci\u00f3n educativa?\",\"breadcrumb\":{\"@id\":\"https:\\\/\\\/www.alexiaeducaria.com\\\/ca\\\/esprem-alexia-2\\\/#breadcrumb\"},\"inLanguage\":\"ca-ES\",\"potentialAction\":[{\"@type\":\"ReadAction\",\"target\":[\"https:\\\/\\\/www.alexiaeducaria.com\\\/ca\\\/esprem-alexia-2\\\/\"]}]},{\"@type\":\"BreadcrumbList\",\"@id\":\"https:\\\/\\\/www.alexiaeducaria.com\\\/ca\\\/esprem-alexia-2\\\/#breadcrumb\",\"itemListElement\":[{\"@type\":\"ListItem\",\"position\":1,\"name\":\"Portada\",\"item\":\"https:\\\/\\\/www.alexiaeducaria.com\\\/ca\\\/\"},{\"@type\":\"ListItem\",\"position\":2,\"name\":\"Esprem Alexia\"}]},{\"@type\":\"WebSite\",\"@id\":\"https:\\\/\\\/www.alexiaeducaria.com\\\/ca\\\/#website\",\"url\":\"https:\\\/\\\/www.alexiaeducaria.com\\\/ca\\\/\",\"name\":\"Alexia Suite Educativa\",\"description\":\"La plataforma que se adapta a tu proyecto educativo\",\"publisher\":{\"@id\":\"https:\\\/\\\/www.alexiaeducaria.com\\\/ca\\\/#organization\"},\"potentialAction\":[{\"@type\":\"SearchAction\",\"target\":{\"@type\":\"EntryPoint\",\"urlTemplate\":\"https:\\\/\\\/www.alexiaeducaria.com\\\/ca\\\/?s={search_term_string}\"},\"query-input\":{\"@type\":\"PropertyValueSpecification\",\"valueRequired\":true,\"valueName\":\"search_term_string\"}}],\"inLanguage\":\"ca-ES\"},{\"@type\":\"Organization\",\"@id\":\"https:\\\/\\\/www.alexiaeducaria.com\\\/ca\\\/#organization\",\"name\":\"Educaria\",\"url\":\"https:\\\/\\\/www.alexiaeducaria.com\\\/ca\\\/\",\"logo\":{\"@type\":\"ImageObject\",\"inLanguage\":\"ca-ES\",\"@id\":\"https:\\\/\\\/www.alexiaeducaria.com\\\/ca\\\/#\\\/schema\\\/logo\\\/image\\\/\",\"url\":\"https:\\\/\\\/www.alexiaeducaria.com\\\/wp-content\\\/uploads\\\/web_logo_alexia_movil_retina.png\",\"contentUrl\":\"https:\\\/\\\/www.alexiaeducaria.com\\\/wp-content\\\/uploads\\\/web_logo_alexia_movil_retina.png\",\"width\":320,\"height\":120,\"caption\":\"Educaria\"},\"image\":{\"@id\":\"https:\\\/\\\/www.alexiaeducaria.com\\\/ca\\\/#\\\/schema\\\/logo\\\/image\\\/\"},\"sameAs\":[\"https:\\\/\\\/x.com\\\/AlexiaEducacion\",\"https:\\\/\\\/www.youtube.com\\\/channel\\\/UCF5Dg_4ZgEcbcZ3UQAXGl-w\",\"https:\\\/\\\/www.linkedin.com\\\/showcase\\\/alexia-suite-educativa-es\\\/\"]}]}<\/script>\r\n<!-- \/ Yoast SEO plugin. -->","yoast_head_json":{"title":"Alexia | Ideas de gesti\u00f3n de centros educativos","description":"Conoce la experiencia de otros centros educativos. \u00bfC\u00f3mo les ha ayudado Alexia a mejorar la gesti\u00f3n y comunicaci\u00f3n de su colegio o instituci\u00f3n educativa?","robots":{"index":"index","follow":"follow","max-snippet":"max-snippet:-1","max-image-preview":"max-image-preview:large","max-video-preview":"max-video-preview:-1"},"canonical":"https:\/\/www.alexiaeducaria.com\/ca\/esprem-alexia-2\/","og_locale":"ca_ES","og_type":"article","og_title":"Alexia | Ideas de gesti\u00f3n de centros educativos","og_description":"Conoce la experiencia de otros centros educativos. \u00bfC\u00f3mo les ha ayudado Alexia a mejorar la gesti\u00f3n y comunicaci\u00f3n de su colegio o instituci\u00f3n educativa?","og_url":"https:\/\/www.alexiaeducaria.com\/ca\/esprem-alexia-2\/","og_site_name":"Alexia Suite Educativa","article_modified_time":"2026-03-09T14:36:03+00:00","twitter_card":"summary_large_image","twitter_site":"@AlexiaEducacion","twitter_misc":{"Est. reading time":"4 minutes"},"schema":{"@context":"https:\/\/schema.org","@graph":[{"@type":"WebPage","@id":"https:\/\/www.alexiaeducaria.com\/ca\/esprem-alexia-2\/","url":"https:\/\/www.alexiaeducaria.com\/ca\/esprem-alexia-2\/","name":"Alexia | Ideas de gesti\u00f3n de centros educativos","isPartOf":{"@id":"https:\/\/www.alexiaeducaria.com\/ca\/#website"},"datePublished":"2024-08-30T07:58:08+00:00","dateModified":"2026-03-09T14:36:03+00:00","description":"Conoce la experiencia de otros centros educativos. \u00bfC\u00f3mo les ha ayudado Alexia a mejorar la gesti\u00f3n y comunicaci\u00f3n de su colegio o instituci\u00f3n educativa?","breadcrumb":{"@id":"https:\/\/www.alexiaeducaria.com\/ca\/esprem-alexia-2\/#breadcrumb"},"inLanguage":"ca-ES","potentialAction":[{"@type":"ReadAction","target":["https:\/\/www.alexiaeducaria.com\/ca\/esprem-alexia-2\/"]}]},{"@type":"BreadcrumbList","@id":"https:\/\/www.alexiaeducaria.com\/ca\/esprem-alexia-2\/#breadcrumb","itemListElement":[{"@type":"ListItem","position":1,"name":"Portada","item":"https:\/\/www.alexiaeducaria.com\/ca\/"},{"@type":"ListItem","position":2,"name":"Esprem Alexia"}]},{"@type":"WebSite","@id":"https:\/\/www.alexiaeducaria.com\/ca\/#website","url":"https:\/\/www.alexiaeducaria.com\/ca\/","name":"Alexia Suite Educativa","description":"La plataforma que se adapta a tu proyecto educativo","publisher":{"@id":"https:\/\/www.alexiaeducaria.com\/ca\/#organization"},"potentialAction":[{"@type":"SearchAction","target":{"@type":"EntryPoint","urlTemplate":"https:\/\/www.alexiaeducaria.com\/ca\/?s={search_term_string}"},"query-input":{"@type":"PropertyValueSpecification","valueRequired":true,"valueName":"search_term_string"}}],"inLanguage":"ca-ES"},{"@type":"Organization","@id":"https:\/\/www.alexiaeducaria.com\/ca\/#organization","name":"Educaria","url":"https:\/\/www.alexiaeducaria.com\/ca\/","logo":{"@type":"ImageObject","inLanguage":"ca-ES","@id":"https:\/\/www.alexiaeducaria.com\/ca\/#\/schema\/logo\/image\/","url":"https:\/\/www.alexiaeducaria.com\/wp-content\/uploads\/web_logo_alexia_movil_retina.png","contentUrl":"https:\/\/www.alexiaeducaria.com\/wp-content\/uploads\/web_logo_alexia_movil_retina.png","width":320,"height":120,"caption":"Educaria"},"image":{"@id":"https:\/\/www.alexiaeducaria.com\/ca\/#\/schema\/logo\/image\/"},"sameAs":["https:\/\/x.com\/AlexiaEducacion","https:\/\/www.youtube.com\/channel\/UCF5Dg_4ZgEcbcZ3UQAXGl-w","https:\/\/www.linkedin.com\/showcase\/alexia-suite-educativa-es\/"]}]}},"_links":{"self":[{"href":"https:\/\/www.alexiaeducaria.com\/ca\/wp-json\/wp\/v2\/pages\/32865","targetHints":{"allow":["GET"]}}],"collection":[{"href":"https:\/\/www.alexiaeducaria.com\/ca\/wp-json\/wp\/v2\/pages"}],"about":[{"href":"https:\/\/www.alexiaeducaria.com\/ca\/wp-json\/wp\/v2\/types\/page"}],"author":[{"embeddable":true,"href":"https:\/\/www.alexiaeducaria.com\/ca\/wp-json\/wp\/v2\/users\/1"}],"replies":[{"embeddable":true,"href":"https:\/\/www.alexiaeducaria.com\/ca\/wp-json\/wp\/v2\/comments?post=32865"}],"version-history":[{"count":14,"href":"https:\/\/www.alexiaeducaria.com\/ca\/wp-json\/wp\/v2\/pages\/32865\/revisions"}],"predecessor-version":[{"id":36107,"href":"https:\/\/www.alexiaeducaria.com\/ca\/wp-json\/wp\/v2\/pages\/32865\/revisions\/36107"}],"wp:attachment":[{"href":"https:\/\/www.alexiaeducaria.com\/ca\/wp-json\/wp\/v2\/media?parent=32865"}],"curies":[{"name":"wp","href":"https:\/\/api.w.org\/{rel}","templated":true}]}}