{"id":30425,"date":"2023-02-01T16:13:21","date_gmt":"2023-02-01T15:13:21","guid":{"rendered":"https:\/\/www.alexiaeducaria.com\/?page_id=30425"},"modified":"2024-09-12T10:51:11","modified_gmt":"2024-09-12T08:51:11","slug":"faqs-2","status":"publish","type":"page","link":"https:\/\/www.alexiaeducaria.com\/ca\/faqs-2\/","title":{"rendered":"Preguntes freq\u00fcents"},"content":{"rendered":"<p><div class=\"fusion-fullwidth fullwidth-box fusion-builder-row-1 nonhundred-percent-fullwidth non-hundred-percent-height-scrolling fusion-equal-height-columns fondo_fijo\" style=\"--awb-background-position:center bottom;--awb-background-repeat:repeat-x;--awb-border-sizes-top:0px;--awb-border-sizes-bottom:0px;--awb-border-sizes-left:0px;--awb-border-sizes-right:0px;--awb-border-radius-top-left:0px;--awb-border-radius-top-right:0px;--awb-border-radius-bottom-right:0px;--awb-border-radius-bottom-left:0px;--awb-padding-top:40px;--awb-padding-bottom:50px;--awb-background-color:#e7f3f6;--awb-flex-wrap:wrap;\" ><div class=\"fusion-builder-row fusion-row\"><div class=\"fusion-layout-column fusion_builder_column fusion-builder-column-0 fusion_builder_column_1_2 1_2 fusion-one-half fusion-column-first\" style=\"--awb-bg-size:cover;width:48%; margin-right: 4%;\"><div class=\"fusion-column-wrapper fusion-flex-column-wrapper-legacy\"><div class=\"fusion-image-element fusion-image-align-center in-legacy-container\" style=\"text-align:center;--awb-caption-title-font-family:var(--h2_typography-font-family);--awb-caption-title-font-weight:var(--h2_typography-font-weight);--awb-caption-title-font-style:var(--h2_typography-font-style);--awb-caption-title-size:var(--h2_typography-font-size);--awb-caption-title-transform:var(--h2_typography-text-transform);--awb-caption-title-line-height:var(--h2_typography-line-height);--awb-caption-title-letter-spacing:var(--h2_typography-letter-spacing);\"><div class=\"imageframe-align-center\"><span class=\" fusion-imageframe imageframe-none imageframe-1 hover-type-none\"><img decoding=\"async\" width=\"270\" height=\"130\" title=\"logo_alexia_rodo\" src=\"http:\/\/www.alexiaeducaria.com\/wp-content\/uploads\/logo_alexia_rodo.png\" alt class=\"img-responsive wp-image-25103\" srcset=\"https:\/\/www.alexiaeducaria.com\/wp-content\/uploads\/logo_alexia_rodo-200x96.png 200w, https:\/\/www.alexiaeducaria.com\/wp-content\/uploads\/logo_alexia_rodo.png 270w\" sizes=\"(max-width: 800px) 100vw, 270px\" \/><\/span><\/div><\/div><div class=\"fusion-clearfix\"><\/div><\/div><\/div><div class=\"fusion-layout-column fusion_builder_column fusion-builder-column-1 fusion_builder_column_1_2 1_2 fusion-one-half fusion-column-last\" style=\"--awb-bg-size:cover;--awb-margin-top:20px;width:48%;\"><div class=\"fusion-column-wrapper fusion-flex-column-wrapper-legacy\"><div class=\"fusion-text fusion-text-1\"><h2 style=\"text-align: center;\">Preguntes freq\u00fcents \/ Bones pr\u00e0ctiques App Alexia Fam\u00edlies<\/h2>\n<\/div><div class=\"fusion-clearfix\"><\/div><\/div><\/div><\/div><\/div><div class=\"fusion-fullwidth fullwidth-box fusion-builder-row-2 hundred-percent-fullwidth non-hundred-percent-height-scrolling\" style=\"--awb-border-radius-top-left:0px;--awb-border-radius-top-right:0px;--awb-border-radius-bottom-right:0px;--awb-border-radius-bottom-left:0px;--awb-overflow:visible;--awb-padding-top:0px;--awb-padding-right:0px;--awb-padding-left:0px;--awb-margin-top:0px;--awb-margin-bottom:0px;--awb-flex-wrap:wrap;\" ><div class=\"fusion-builder-row fusion-row\"><div class=\"fusion-layout-column fusion_builder_column fusion-builder-column-2 fusion_builder_column_1_1 1_1 fusion-one-full fusion-column-first fusion-column-last fusion-column-no-min-height\" style=\"--awb-bg-size:cover;\"><div class=\"fusion-column-wrapper fusion-column-has-shadow fusion-flex-column-wrapper-legacy\"><div class=\"fusion-section-separator section-separator triangle fusion-section-separator-1\" style=\"--awb-border-bottom:1px solid #ffffff;--awb-spacer-height:1px;--awb-svg-margin-left:0;--awb-svg-margin-right:0;--awb-icon-color:#ffffff;\"><div class=\"fusion-section-separator-svg\"><div class=\"divider-candy-arrow bottom\" style=\"top:0px;border-top-color: #e7f3f6;\"><\/div><div class=\"divider-candy bottom\" style=\"bottom:-21px;border-bottom:1px solid #ffffff;border-left:1px solid #ffffff;\"><\/div><\/div><div class=\"fusion-section-separator-spacer\"><div class=\"fusion-section-separator-spacer-height\"><\/div><\/div><\/div><div class=\"fusion-clearfix\"><\/div><\/div><\/div><\/div><\/div><div class=\"fusion-fullwidth fullwidth-box fusion-builder-row-3 fusion-flex-container nonhundred-percent-fullwidth non-hundred-percent-height-scrolling\" style=\"--awb-border-radius-top-left:0px;--awb-border-radius-top-right:0px;--awb-border-radius-bottom-right:0px;--awb-border-radius-bottom-left:0px;--awb-padding-top:50px;--awb-flex-wrap:wrap;\" ><div class=\"fusion-builder-row fusion-row fusion-flex-align-items-flex-start fusion-flex-justify-content-center fusion-flex-content-wrap\" style=\"max-width:calc( 1600px + 0px );margin-left: calc(-0px \/ 2 );margin-right: calc(-0px \/ 2 );\"><div class=\"fusion-layout-column fusion_builder_column fusion-builder-column-3 fusion_builder_column_3_4 3_4 fusion-flex-column\" style=\"--awb-bg-size:cover;--awb-width-large:75%;--awb-margin-top-large:0px;--awb-spacing-right-large:0px;--awb-margin-bottom-large:0px;--awb-spacing-left-large:0px;--awb-width-medium:100%;--awb-order-medium:0;--awb-spacing-right-medium:0px;--awb-spacing-left-medium:0px;--awb-width-small:100%;--awb-order-small:0;--awb-spacing-right-small:0px;--awb-spacing-left-small:0px;\"><div class=\"fusion-column-wrapper fusion-column-has-shadow fusion-flex-justify-content-flex-start fusion-content-layout-column\"><\/div><\/div><\/div><\/div><div class=\"fusion-fullwidth fullwidth-box fusion-builder-row-4 nonhundred-percent-fullwidth non-hundred-percent-height-scrolling\" style=\"--awb-background-position:left top;--awb-border-sizes-top:0px;--awb-border-sizes-bottom:0px;--awb-border-sizes-left:0px;--awb-border-sizes-right:0px;--awb-border-radius-top-left:0px;--awb-border-radius-top-right:0px;--awb-border-radius-bottom-right:0px;--awb-border-radius-bottom-left:0px;--awb-padding-top:50px;--awb-padding-bottom:80px;--awb-flex-wrap:wrap;\" id=\"datos\" ><div class=\"fusion-builder-row fusion-row\"><div class=\"fusion-layout-column fusion_builder_column fusion-builder-column-4 fusion_builder_column_1_1 1_1 fusion-one-full fusion-column-first fusion-column-last\" style=\"--awb-bg-size:cover;--awb-margin-top:20px;\"><div class=\"fusion-column-wrapper fusion-flex-column-wrapper-legacy\"><div class=\"fusion-column-content-centered\"><div class=\"fusion-column-content\"><div class=\"fusion-fa-align-center\"><i class=\"fb-icon-element-1 fb-icon-element fontawesome-icon fa fa-info-circle circle-no\" style=\"--awb-iconcolor:#20558a;--awb-iconcolor-hover:#20558a;--awb-font-size:32px;\"><\/i><\/div><div class=\"fusion-text fusion-text-2\"><h5 style=\"text-align: center;\"><strong>Recorda que l\u2019APP d\u2019Alexia nom\u00e9s est\u00e0 disponible per a fam\u00edlies si el centre la t\u00e9 activada.<\/strong> (Si no tens disponible el teu codi de centre, contacta amb el teu centre per ampliar la informaci\u00f3)<\/h5>\n<\/div><\/div><\/div><div class=\"fusion-clearfix\"><\/div><\/div><\/div><\/div><\/div><\/p>\n","protected":false},"excerpt":{"rendered":"","protected":false},"author":1,"featured_media":0,"parent":0,"menu_order":0,"comment_status":"closed","ping_status":"closed","template":"100-width.php","meta":{"footnotes":""},"class_list":["post-30425","page","type-page","status-publish","hentry"],"yoast_head":"<!-- This site is optimized with the Yoast SEO plugin v27.3 - https:\/\/yoast.com\/product\/yoast-seo-wordpress\/ -->\r\n<title>Preguntes freq\u00fcents | Alexia Suite Educativa<\/title>\r\n<meta name=\"robots\" content=\"index, follow, max-snippet:-1, max-image-preview:large, max-video-preview:-1\" \/>\r\n<link rel=\"canonical\" href=\"https:\/\/www.alexiaeducaria.com\/ca\/faqs-2\/\" \/>\r\n<meta property=\"og:locale\" content=\"ca_ES\" \/>\r\n<meta property=\"og:type\" content=\"article\" \/>\r\n<meta property=\"og:title\" content=\"Preguntes freq\u00fcents | Alexia Suite Educativa\" \/>\r\n<meta property=\"og:url\" content=\"https:\/\/www.alexiaeducaria.com\/ca\/faqs-2\/\" \/>\r\n<meta property=\"og:site_name\" content=\"Alexia Suite Educativa\" \/>\r\n<meta property=\"article:modified_time\" content=\"2024-09-12T08:51:11+00:00\" \/>\r\n<meta name=\"twitter:card\" content=\"summary_large_image\" \/>\r\n<meta name=\"twitter:site\" content=\"@AlexiaEducacion\" \/>\r\n<meta name=\"twitter:label1\" content=\"Est. reading time\" \/>\n\t<meta name=\"twitter:data1\" content=\"1 minute\" \/>\r\n<script type=\"application\/ld+json\" class=\"yoast-schema-graph\">{\"@context\":\"https:\\\/\\\/schema.org\",\"@graph\":[{\"@type\":\"WebPage\",\"@id\":\"https:\\\/\\\/www.alexiaeducaria.com\\\/ca\\\/faqs-2\\\/\",\"url\":\"https:\\\/\\\/www.alexiaeducaria.com\\\/ca\\\/faqs-2\\\/\",\"name\":\"Preguntes freq\u00fcents | Alexia Suite Educativa\",\"isPartOf\":{\"@id\":\"https:\\\/\\\/www.alexiaeducaria.com\\\/#website\"},\"datePublished\":\"2023-02-01T15:13:21+00:00\",\"dateModified\":\"2024-09-12T08:51:11+00:00\",\"breadcrumb\":{\"@id\":\"https:\\\/\\\/www.alexiaeducaria.com\\\/ca\\\/faqs-2\\\/#breadcrumb\"},\"inLanguage\":\"ca-ES\",\"potentialAction\":[{\"@type\":\"ReadAction\",\"target\":[\"https:\\\/\\\/www.alexiaeducaria.com\\\/ca\\\/faqs-2\\\/\"]}]},{\"@type\":\"BreadcrumbList\",\"@id\":\"https:\\\/\\\/www.alexiaeducaria.com\\\/ca\\\/faqs-2\\\/#breadcrumb\",\"itemListElement\":[{\"@type\":\"ListItem\",\"position\":1,\"name\":\"Portada\",\"item\":\"https:\\\/\\\/www.alexiaeducaria.com\\\/ca\\\/\"},{\"@type\":\"ListItem\",\"position\":2,\"name\":\"Preguntes freq\u00fcents\"}]},{\"@type\":\"WebSite\",\"@id\":\"https:\\\/\\\/www.alexiaeducaria.com\\\/#website\",\"url\":\"https:\\\/\\\/www.alexiaeducaria.com\\\/\",\"name\":\"Alexia Suite Educativa\",\"description\":\"La plataforma que se adapta a tu proyecto educativo\",\"publisher\":{\"@id\":\"https:\\\/\\\/www.alexiaeducaria.com\\\/#organization\"},\"potentialAction\":[{\"@type\":\"SearchAction\",\"target\":{\"@type\":\"EntryPoint\",\"urlTemplate\":\"https:\\\/\\\/www.alexiaeducaria.com\\\/?s={search_term_string}\"},\"query-input\":{\"@type\":\"PropertyValueSpecification\",\"valueRequired\":true,\"valueName\":\"search_term_string\"}}],\"inLanguage\":\"ca-ES\"},{\"@type\":\"Organization\",\"@id\":\"https:\\\/\\\/www.alexiaeducaria.com\\\/#organization\",\"name\":\"Educaria\",\"url\":\"https:\\\/\\\/www.alexiaeducaria.com\\\/\",\"logo\":{\"@type\":\"ImageObject\",\"inLanguage\":\"ca-ES\",\"@id\":\"https:\\\/\\\/www.alexiaeducaria.com\\\/#\\\/schema\\\/logo\\\/image\\\/\",\"url\":\"https:\\\/\\\/www.alexiaeducaria.com\\\/wp-content\\\/uploads\\\/web_logo_alexia_movil_retina.png\",\"contentUrl\":\"https:\\\/\\\/www.alexiaeducaria.com\\\/wp-content\\\/uploads\\\/web_logo_alexia_movil_retina.png\",\"width\":320,\"height\":120,\"caption\":\"Educaria\"},\"image\":{\"@id\":\"https:\\\/\\\/www.alexiaeducaria.com\\\/#\\\/schema\\\/logo\\\/image\\\/\"},\"sameAs\":[\"https:\\\/\\\/x.com\\\/AlexiaEducacion\",\"https:\\\/\\\/www.youtube.com\\\/channel\\\/UCF5Dg_4ZgEcbcZ3UQAXGl-w\",\"https:\\\/\\\/www.linkedin.com\\\/showcase\\\/alexia-suite-educativa-es\\\/\"]}]}<\/script>\r\n<!-- \/ Yoast SEO plugin. -->","yoast_head_json":{"title":"Preguntes freq\u00fcents | Alexia Suite Educativa","robots":{"index":"index","follow":"follow","max-snippet":"max-snippet:-1","max-image-preview":"max-image-preview:large","max-video-preview":"max-video-preview:-1"},"canonical":"https:\/\/www.alexiaeducaria.com\/ca\/faqs-2\/","og_locale":"ca_ES","og_type":"article","og_title":"Preguntes freq\u00fcents | Alexia Suite Educativa","og_url":"https:\/\/www.alexiaeducaria.com\/ca\/faqs-2\/","og_site_name":"Alexia Suite Educativa","article_modified_time":"2024-09-12T08:51:11+00:00","twitter_card":"summary_large_image","twitter_site":"@AlexiaEducacion","twitter_misc":{"Est. reading time":"1 minute"},"schema":{"@context":"https:\/\/schema.org","@graph":[{"@type":"WebPage","@id":"https:\/\/www.alexiaeducaria.com\/ca\/faqs-2\/","url":"https:\/\/www.alexiaeducaria.com\/ca\/faqs-2\/","name":"Preguntes freq\u00fcents | Alexia Suite Educativa","isPartOf":{"@id":"https:\/\/www.alexiaeducaria.com\/#website"},"datePublished":"2023-02-01T15:13:21+00:00","dateModified":"2024-09-12T08:51:11+00:00","breadcrumb":{"@id":"https:\/\/www.alexiaeducaria.com\/ca\/faqs-2\/#breadcrumb"},"inLanguage":"ca-ES","potentialAction":[{"@type":"ReadAction","target":["https:\/\/www.alexiaeducaria.com\/ca\/faqs-2\/"]}]},{"@type":"BreadcrumbList","@id":"https:\/\/www.alexiaeducaria.com\/ca\/faqs-2\/#breadcrumb","itemListElement":[{"@type":"ListItem","position":1,"name":"Portada","item":"https:\/\/www.alexiaeducaria.com\/ca\/"},{"@type":"ListItem","position":2,"name":"Preguntes freq\u00fcents"}]},{"@type":"WebSite","@id":"https:\/\/www.alexiaeducaria.com\/#website","url":"https:\/\/www.alexiaeducaria.com\/","name":"Alexia Suite Educativa","description":"La plataforma que se adapta a tu proyecto educativo","publisher":{"@id":"https:\/\/www.alexiaeducaria.com\/#organization"},"potentialAction":[{"@type":"SearchAction","target":{"@type":"EntryPoint","urlTemplate":"https:\/\/www.alexiaeducaria.com\/?s={search_term_string}"},"query-input":{"@type":"PropertyValueSpecification","valueRequired":true,"valueName":"search_term_string"}}],"inLanguage":"ca-ES"},{"@type":"Organization","@id":"https:\/\/www.alexiaeducaria.com\/#organization","name":"Educaria","url":"https:\/\/www.alexiaeducaria.com\/","logo":{"@type":"ImageObject","inLanguage":"ca-ES","@id":"https:\/\/www.alexiaeducaria.com\/#\/schema\/logo\/image\/","url":"https:\/\/www.alexiaeducaria.com\/wp-content\/uploads\/web_logo_alexia_movil_retina.png","contentUrl":"https:\/\/www.alexiaeducaria.com\/wp-content\/uploads\/web_logo_alexia_movil_retina.png","width":320,"height":120,"caption":"Educaria"},"image":{"@id":"https:\/\/www.alexiaeducaria.com\/#\/schema\/logo\/image\/"},"sameAs":["https:\/\/x.com\/AlexiaEducacion","https:\/\/www.youtube.com\/channel\/UCF5Dg_4ZgEcbcZ3UQAXGl-w","https:\/\/www.linkedin.com\/showcase\/alexia-suite-educativa-es\/"]}]}},"_links":{"self":[{"href":"https:\/\/www.alexiaeducaria.com\/ca\/wp-json\/wp\/v2\/pages\/30425","targetHints":{"allow":["GET"]}}],"collection":[{"href":"https:\/\/www.alexiaeducaria.com\/ca\/wp-json\/wp\/v2\/pages"}],"about":[{"href":"https:\/\/www.alexiaeducaria.com\/ca\/wp-json\/wp\/v2\/types\/page"}],"author":[{"embeddable":true,"href":"https:\/\/www.alexiaeducaria.com\/ca\/wp-json\/wp\/v2\/users\/1"}],"replies":[{"embeddable":true,"href":"https:\/\/www.alexiaeducaria.com\/ca\/wp-json\/wp\/v2\/comments?post=30425"}],"version-history":[{"count":5,"href":"https:\/\/www.alexiaeducaria.com\/ca\/wp-json\/wp\/v2\/pages\/30425\/revisions"}],"predecessor-version":[{"id":33401,"href":"https:\/\/www.alexiaeducaria.com\/ca\/wp-json\/wp\/v2\/pages\/30425\/revisions\/33401"}],"wp:attachment":[{"href":"https:\/\/www.alexiaeducaria.com\/ca\/wp-json\/wp\/v2\/media?parent=30425"}],"curies":[{"name":"wp","href":"https:\/\/api.w.org\/{rel}","templated":true}]}}